{"id":93,"date":"2018-11-05T02:32:30","date_gmt":"2018-11-05T04:32:30","guid":{"rendered":"http:\/\/tora.com.br\/?page_id=93"},"modified":"2025-12-12T14:24:24","modified_gmt":"2025-12-12T17:24:24","slug":"a-tora","status":"publish","type":"page","link":"https:\/\/tora.com.br\/es\/quem-somos\/a-tora\/","title":{"rendered":"La Empresa"},"content":{"rendered":"<p><\/p>\n<div class=\"page\" title=\"Page 4\">\n<div class=\"section\">\n<div class=\"layoutArea\">\n<div class=\"column\">\n<p>Creada en 1972, Tora es uno de los m\u00e1s importantes operadores log\u00edsticos del pa\u00eds. Tenemos como objetivo garantizar calidad, seguridad y agilidad en nuestras operaciones, conjugando tecnolog\u00eda y procesos innovadores.<\/p>\n<\/div>\n<p><img loading=\"lazy\" decoding=\"async\" class=\"alignnone size-full wp-image-648\" src=\"http:\/\/tora.com.br\/wp-content\/uploads\/2019\/04\/linha-do-tempo_espanhol.jpg\" alt=\"\" width=\"800\" height=\"1283\" srcset=\"https:\/\/tora.com.br\/wp-content\/uploads\/2019\/04\/linha-do-tempo_espanhol.jpg 800w, https:\/\/tora.com.br\/wp-content\/uploads\/2019\/04\/linha-do-tempo_espanhol-187x300.jpg 187w, https:\/\/tora.com.br\/wp-content\/uploads\/2019\/04\/linha-do-tempo_espanhol-768x1232.jpg 768w, https:\/\/tora.com.br\/wp-content\/uploads\/2019\/04\/linha-do-tempo_espanhol-639x1024.jpg 639w\" sizes=\"auto, (max-width: 800px) 100vw, 800px\" \/><\/p>\n<\/div>\n<\/div>\n<\/div>\n<p><\/p>","protected":false},"excerpt":{"rendered":"<p>Creada en 1972, Tora es uno de los m\u00e1s importantes operadores log\u00edsticos del pa\u00eds. Tenemos como objetivo garantizar calidad, seguridad y agilidad en nuestras operaciones, conjugando tecnolog\u00eda y procesos innovadores.<\/p>\n","protected":false},"author":10,"featured_media":0,"parent":7,"menu_order":0,"comment_status":"closed","ping_status":"closed","template":"quemsomos_old.php","meta":{"om_disable_all_campaigns":false,"_monsterinsights_skip_tracking":false,"_monsterinsights_sitenote_active":false,"_monsterinsights_sitenote_note":"","_monsterinsights_sitenote_category":0,"footnotes":""},"class_list":["post-93","page","type-page","status-publish","hentry"],"aioseo_notices":[],"_links":{"self":[{"href":"https:\/\/tora.com.br\/es\/wp-json\/wp\/v2\/pages\/93","targetHints":{"allow":["GET"]}}],"collection":[{"href":"https:\/\/tora.com.br\/es\/wp-json\/wp\/v2\/pages"}],"about":[{"href":"https:\/\/tora.com.br\/es\/wp-json\/wp\/v2\/types\/page"}],"author":[{"embeddable":true,"href":"https:\/\/tora.com.br\/es\/wp-json\/wp\/v2\/users\/10"}],"replies":[{"embeddable":true,"href":"https:\/\/tora.com.br\/es\/wp-json\/wp\/v2\/comments?post=93"}],"version-history":[{"count":29,"href":"https:\/\/tora.com.br\/es\/wp-json\/wp\/v2\/pages\/93\/revisions"}],"predecessor-version":[{"id":1918,"href":"https:\/\/tora.com.br\/es\/wp-json\/wp\/v2\/pages\/93\/revisions\/1918"}],"up":[{"embeddable":true,"href":"https:\/\/tora.com.br\/es\/wp-json\/wp\/v2\/pages\/7"}],"wp:attachment":[{"href":"https:\/\/tora.com.br\/es\/wp-json\/wp\/v2\/media?parent=93"}],"curies":[{"name":"wp","href":"https:\/\/api.w.org\/{rel}","templated":true}]}}