{"id":90,"date":"2018-11-05T01:47:09","date_gmt":"2018-11-05T03:47:09","guid":{"rendered":"http:\/\/tora.com.br\/?page_id=90"},"modified":"2024-04-02T11:11:42","modified_gmt":"2024-04-02T14:11:42","slug":"visao-esrategica","status":"publish","type":"page","link":"https:\/\/tora.com.br\/es\/quem-somos\/visao-esrategica\/","title":{"rendered":"Valores"},"content":{"rendered":"<p><\/h6>\n<div class=\"page\" title=\"Page 3\">\n<div class=\"section\">\n<div class=\"layoutArea\">\n<div class=\"column\">\n<p><strong>Soluciones Log\u00edsticas Integradas: <\/strong><strong>un camino que Tora conoce bien<\/strong><\/p>\n<p>Garant\u00eda de calidad, seguridad y agilidad en operaciones de log\u00edstica, con tecnolog\u00eda y procesos innovadores.<\/p>\n<ul>\n<li>\u00c9tica y transparencia en las relaciones con nuestros clientes, proveedores y colaboradores.<\/li>\n<li>Excelencia en la prestaci\u00f3n de servicios log\u00edsticos.<\/li>\n<li>Desarrollo sostenible.<\/li>\n<li>Valorizaci\u00f3n y desarrollo de personas.<\/li>\n<li>Responsabilidad Social<\/li>\n<\/ul>\n<\/div>\n<\/div>\n<\/div>\n<\/div>\n<p><\/p>","protected":false},"excerpt":{"rendered":"<p>Soluciones Log\u00edsticas Integradas: un camino que Tora conoce bien Garant\u00eda de calidad, seguridad y agilidad en operaciones de log\u00edstica, con tecnolog\u00eda y procesos innovadores. \u00c9tica y transparencia en las relaciones con nuestros clientes, proveedores y colaboradores. Excelencia en la prestaci\u00f3n de servicios log\u00edsticos. Desarrollo sostenible. Valorizaci\u00f3n y desarrollo de personas. Responsabilidad Social<\/p>\n","protected":false},"author":10,"featured_media":0,"parent":7,"menu_order":0,"comment_status":"closed","ping_status":"closed","template":"quemsomos_old.php","meta":{"om_disable_all_campaigns":false,"_monsterinsights_skip_tracking":false,"_monsterinsights_sitenote_active":false,"_monsterinsights_sitenote_note":"","_monsterinsights_sitenote_category":0,"footnotes":""},"class_list":["post-90","page","type-page","status-publish","hentry"],"aioseo_notices":[],"_links":{"self":[{"href":"https:\/\/tora.com.br\/es\/wp-json\/wp\/v2\/pages\/90","targetHints":{"allow":["GET"]}}],"collection":[{"href":"https:\/\/tora.com.br\/es\/wp-json\/wp\/v2\/pages"}],"about":[{"href":"https:\/\/tora.com.br\/es\/wp-json\/wp\/v2\/types\/page"}],"author":[{"embeddable":true,"href":"https:\/\/tora.com.br\/es\/wp-json\/wp\/v2\/users\/10"}],"replies":[{"embeddable":true,"href":"https:\/\/tora.com.br\/es\/wp-json\/wp\/v2\/comments?post=90"}],"version-history":[{"count":24,"href":"https:\/\/tora.com.br\/es\/wp-json\/wp\/v2\/pages\/90\/revisions"}],"predecessor-version":[{"id":1773,"href":"https:\/\/tora.com.br\/es\/wp-json\/wp\/v2\/pages\/90\/revisions\/1773"}],"up":[{"embeddable":true,"href":"https:\/\/tora.com.br\/es\/wp-json\/wp\/v2\/pages\/7"}],"wp:attachment":[{"href":"https:\/\/tora.com.br\/es\/wp-json\/wp\/v2\/media?parent=90"}],"curies":[{"name":"wp","href":"https:\/\/api.w.org\/{rel}","templated":true}]}}