{"id":8,"date":"2018-11-02T14:22:46","date_gmt":"2018-11-02T17:22:46","guid":{"rendered":"http:\/\/tora.com.br\/?page_id=8"},"modified":"2019-04-24T14:59:02","modified_gmt":"2019-04-24T17:59:02","slug":"negocios","status":"publish","type":"page","link":"https:\/\/tora.com.br\/es\/negocios\/","title":{"rendered":"Negocios"},"content":{"rendered":"<p><strong>Soluciones log\u00edsticas integradas para grandes vol\u00famenes y a medida para su empresa<\/strong><\/p>\n<p>Garant\u00eda de calidad, seguridad y agilidad operativa, aunando tecnolog\u00eda y procesos innovadores. Los servicios ofrecidos por TORA buscan integrar con eficiencia soluciones log\u00edsticas adecuadas a las necesidades de su empresa.<\/p>\n<p>La empresa coloca a disposici\u00f3n equipamientos para desplazar grandes vol\u00famenes, equipo cualificado y tecnolog\u00eda de punta, empleando los m\u00e1s modernos conceptos de gesti\u00f3n de stock. Todo esto aliado a una log\u00edstica industrial que decide siempre por las mejores soluciones.<\/p>","protected":false},"excerpt":{"rendered":"<p>Soluciones log\u00edsticas integradas para grandes vol\u00famenes y a medida para su empresa Garant\u00eda de calidad, seguridad y agilidad operativa, aunando tecnolog\u00eda y procesos innovadores. Los servicios ofrecidos por TORA buscan integrar con eficiencia soluciones log\u00edsticas adecuadas a las necesidades de su empresa. La empresa coloca a disposici\u00f3n equipamientos para desplazar grandes vol\u00famenes, equipo cualificado y [&hellip;]<\/p>\n","protected":false},"author":1,"featured_media":0,"parent":0,"menu_order":0,"comment_status":"closed","ping_status":"closed","template":"negocios.php","meta":{"om_disable_all_campaigns":false,"_monsterinsights_skip_tracking":false,"_monsterinsights_sitenote_active":false,"_monsterinsights_sitenote_note":"","_monsterinsights_sitenote_category":0,"footnotes":""},"class_list":["post-8","page","type-page","status-publish","hentry"],"aioseo_notices":[],"_links":{"self":[{"href":"https:\/\/tora.com.br\/es\/wp-json\/wp\/v2\/pages\/8","targetHints":{"allow":["GET"]}}],"collection":[{"href":"https:\/\/tora.com.br\/es\/wp-json\/wp\/v2\/pages"}],"about":[{"href":"https:\/\/tora.com.br\/es\/wp-json\/wp\/v2\/types\/page"}],"author":[{"embeddable":true,"href":"https:\/\/tora.com.br\/es\/wp-json\/wp\/v2\/users\/1"}],"replies":[{"embeddable":true,"href":"https:\/\/tora.com.br\/es\/wp-json\/wp\/v2\/comments?post=8"}],"version-history":[{"count":17,"href":"https:\/\/tora.com.br\/es\/wp-json\/wp\/v2\/pages\/8\/revisions"}],"predecessor-version":[{"id":641,"href":"https:\/\/tora.com.br\/es\/wp-json\/wp\/v2\/pages\/8\/revisions\/641"}],"wp:attachment":[{"href":"https:\/\/tora.com.br\/es\/wp-json\/wp\/v2\/media?parent=8"}],"curies":[{"name":"wp","href":"https:\/\/api.w.org\/{rel}","templated":true}]}}