{"id":1754,"date":"2024-03-28T21:21:04","date_gmt":"2024-03-29T00:21:04","guid":{"rendered":"https:\/\/tora.com.br\/?page_id=1754"},"modified":"2024-09-27T17:39:46","modified_gmt":"2024-09-27T20:39:46","slug":"relatorio-de-transparencia-e-igualdade-salarial-de-mulheres-e-homens","status":"publish","type":"page","link":"https:\/\/tora.com.br\/es\/quem-somos\/relatorio-de-transparencia-e-igualdade-salarial-de-mulheres-e-homens\/","title":{"rendered":"(Portugu\u00eas do Brasil) Relat\u00f3rio de Transpar\u00eancia"},"content":{"rendered":"<p class=\"qtranxs-available-languages-message qtranxs-available-languages-message-es\">Disculpa, pero esta entrada est\u00e1 disponible s\u00f3lo en <a href=\"https:\/\/tora.com.br\/pb\/wp-json\/wp\/v2\/pages\/1754\" class=\"qtranxs-available-language-link qtranxs-available-language-link-pb\" title=\"Portugu\u00eas do Brasil\">Portugu\u00eas do Brasil<\/a>.<\/p>","protected":false},"excerpt":{"rendered":"<p>Disculpa, pero esta entrada est\u00e1 disponible s\u00f3lo en Portugu\u00eas do Brasil.<\/p>\n","protected":false},"author":15,"featured_media":0,"parent":7,"menu_order":0,"comment_status":"closed","ping_status":"closed","template":"quemsomos_old.php","meta":{"om_disable_all_campaigns":false,"_monsterinsights_skip_tracking":false,"_monsterinsights_sitenote_active":false,"_monsterinsights_sitenote_note":"","_monsterinsights_sitenote_category":0,"footnotes":""},"class_list":["post-1754","page","type-page","status-publish","hentry"],"aioseo_notices":[],"_links":{"self":[{"href":"https:\/\/tora.com.br\/es\/wp-json\/wp\/v2\/pages\/1754","targetHints":{"allow":["GET"]}}],"collection":[{"href":"https:\/\/tora.com.br\/es\/wp-json\/wp\/v2\/pages"}],"about":[{"href":"https:\/\/tora.com.br\/es\/wp-json\/wp\/v2\/types\/page"}],"author":[{"embeddable":true,"href":"https:\/\/tora.com.br\/es\/wp-json\/wp\/v2\/users\/15"}],"replies":[{"embeddable":true,"href":"https:\/\/tora.com.br\/es\/wp-json\/wp\/v2\/comments?post=1754"}],"version-history":[{"count":16,"href":"https:\/\/tora.com.br\/es\/wp-json\/wp\/v2\/pages\/1754\/revisions"}],"predecessor-version":[{"id":1803,"href":"https:\/\/tora.com.br\/es\/wp-json\/wp\/v2\/pages\/1754\/revisions\/1803"}],"up":[{"embeddable":true,"href":"https:\/\/tora.com.br\/es\/wp-json\/wp\/v2\/pages\/7"}],"wp:attachment":[{"href":"https:\/\/tora.com.br\/es\/wp-json\/wp\/v2\/media?parent=1754"}],"curies":[{"name":"wp","href":"https:\/\/api.w.org\/{rel}","templated":true}]}}