{"id":1430,"date":"2020-12-18T09:01:29","date_gmt":"2020-12-18T12:01:29","guid":{"rendered":"https:\/\/tora.com.br\/?page_id=1430"},"modified":"2024-04-15T15:21:00","modified_gmt":"2024-04-15T18:21:00","slug":"assessoria-de-imprensa","status":"publish","type":"page","link":"https:\/\/tora.com.br\/es\/contato\/assessoria-de-imprensa\/","title":{"rendered":"Oficina de Prensa"},"content":{"rendered":"<p><strong>Entre en contacto con nuestros especialistas<\/strong><\/p>\r\n\r\n\r\n\r\n<p>D\u00e9lio Campos: (31) 99238.4206 (liga\u00e7\u00f5es) e\u00a0(31) 99689-0510 (WhatsApp)<br>Taiane Rocha: (31) 99839-1670 (liga\u00e7\u00f5es) \/ (31) 99839-4670 (WhatsApp)<\/p>\r\n\r\n\r\n\r\n<p><\/p>","protected":false},"excerpt":{"rendered":"<p>Entre en contacto con nuestros especialistas D\u00e9lio Campos: (31) 99238.4206 (liga\u00e7\u00f5es) e\u00a0(31) 99689-0510 (WhatsApp)Taiane Rocha: (31) 99839-1670 (liga\u00e7\u00f5es) \/ (31) 99839-4670 (WhatsApp)<\/p>\n","protected":false},"author":10,"featured_media":0,"parent":10,"menu_order":0,"comment_status":"closed","ping_status":"closed","template":"contato.php","meta":{"om_disable_all_campaigns":false,"_monsterinsights_skip_tracking":false,"_monsterinsights_sitenote_active":false,"_monsterinsights_sitenote_note":"","_monsterinsights_sitenote_category":0,"footnotes":""},"class_list":["post-1430","page","type-page","status-publish","hentry"],"aioseo_notices":[],"_links":{"self":[{"href":"https:\/\/tora.com.br\/es\/wp-json\/wp\/v2\/pages\/1430","targetHints":{"allow":["GET"]}}],"collection":[{"href":"https:\/\/tora.com.br\/es\/wp-json\/wp\/v2\/pages"}],"about":[{"href":"https:\/\/tora.com.br\/es\/wp-json\/wp\/v2\/types\/page"}],"author":[{"embeddable":true,"href":"https:\/\/tora.com.br\/es\/wp-json\/wp\/v2\/users\/10"}],"replies":[{"embeddable":true,"href":"https:\/\/tora.com.br\/es\/wp-json\/wp\/v2\/comments?post=1430"}],"version-history":[{"count":9,"href":"https:\/\/tora.com.br\/es\/wp-json\/wp\/v2\/pages\/1430\/revisions"}],"predecessor-version":[{"id":1778,"href":"https:\/\/tora.com.br\/es\/wp-json\/wp\/v2\/pages\/1430\/revisions\/1778"}],"up":[{"embeddable":true,"href":"https:\/\/tora.com.br\/es\/wp-json\/wp\/v2\/pages\/10"}],"wp:attachment":[{"href":"https:\/\/tora.com.br\/es\/wp-json\/wp\/v2\/media?parent=1430"}],"curies":[{"name":"wp","href":"https:\/\/api.w.org\/{rel}","templated":true}]}}