{"id":136,"date":"2018-11-05T03:51:43","date_gmt":"2018-11-05T05:51:43","guid":{"rendered":"http:\/\/tora.com.br\/?page_id=136"},"modified":"2022-09-28T10:59:58","modified_gmt":"2022-09-28T13:59:58","slug":"recintos_alfandegados","status":"publish","type":"page","link":"https:\/\/tora.com.br\/es\/negocios\/recintos_alfandegados\/","title":{"rendered":"Recinto Alfandegado &#8211; CLIA Betim"},"content":{"rendered":"<p><\/p>\n<div class=\"page\" title=\"Page 16\">\n<div class=\"section\">\n<div class=\"layoutArea\">\n<div class=\"column\">\n<p>El CLIA \u2013 Centro Log\u00edstico Industrial Aduanero est\u00e1 situado en la Regi\u00f3n Metropolitana de Belo Horizonte\/MG, sobre la ruta BR-381, con acceso facilitado a los principales puertos y aeropuertos de la regi\u00f3n Sudeste.<\/p>\n<p>Dispone de 75 mil m\u00b2 de \u00e1rea aduanera, incluyendo patio de contenedores, con capacidad para recibir cargas refrigeradas y acceso ferroviario. Se inserta en un complejo industrial estructurado para la\u00a0 instalaci\u00f3n de empresas, facilitando la log\u00edstica de importaci\u00f3n y exportaci\u00f3n.<\/p>\n<p>Ofrece acceso online a las informaciones de la carga, seguridad armada 24 horas y monitoreo CCTV.<\/p>\n<p>Cuenta con actuaci\u00f3n diaria de los \u00f3rganos correspondientes (\u00d3rganos Recaudadores Federales y Estaduales , MAPA [Ministerio de Agropecuaria] y ANVISA [Agencia Nacional de Vigilancia Sanitaria]), as\u00ed como salas para otros intervinientes.<\/p>\n<p>Ofrece atenci\u00f3n personalizada realizada por equipos de posventa y de proyectos, adem\u00e1s de gestores operativos y comerciales altamente capacitados y comprometidos en brindar la mejor soluci\u00f3n log\u00edstica para cada necesidad de sus clientes.<\/p>\n<\/div>\n<div class=\"column\"><\/div>\n<\/div>\n<div class=\"layoutArea\">\n<div class=\"column\">\n<div class=\"page\" title=\"Page 16\">\n<div class=\"section\">\n<div class=\"layoutArea\">\n<div class=\"column\">\n<div class=\"page\" title=\"Page 16\">\n<div class=\"section\">\n<div class=\"layoutArea\">\n<div class=\"column\"><\/div>\n<\/div>\n<\/div>\n<\/div>\n<\/div>\n<\/div>\n<\/div>\n<\/div>\n<\/div>\n<\/div>\n<\/div>\n<\/div>\n<p><\/p>","protected":false},"excerpt":{"rendered":"<p>El CLIA \u2013 Centro Log\u00edstico Industrial Aduanero est\u00e1 situado en la Regi\u00f3n Metropolitana de Belo Horizonte\/MG, sobre la ruta BR-381, con acceso facilitado a los principales puertos y aeropuertos de la regi\u00f3n Sudeste. Dispone de 75 mil m\u00b2 de \u00e1rea aduanera, incluyendo patio de contenedores, con capacidad para recibir cargas refrigeradas y acceso ferroviario. Se [&hellip;]<\/p>\n","protected":false},"author":10,"featured_media":0,"parent":8,"menu_order":0,"comment_status":"closed","ping_status":"closed","template":"recintos.php","meta":{"om_disable_all_campaigns":false,"_monsterinsights_skip_tracking":false,"_monsterinsights_sitenote_active":false,"_monsterinsights_sitenote_note":"","_monsterinsights_sitenote_category":0,"footnotes":""},"class_list":["post-136","page","type-page","status-publish","hentry"],"aioseo_notices":[],"_links":{"self":[{"href":"https:\/\/tora.com.br\/es\/wp-json\/wp\/v2\/pages\/136","targetHints":{"allow":["GET"]}}],"collection":[{"href":"https:\/\/tora.com.br\/es\/wp-json\/wp\/v2\/pages"}],"about":[{"href":"https:\/\/tora.com.br\/es\/wp-json\/wp\/v2\/types\/page"}],"author":[{"embeddable":true,"href":"https:\/\/tora.com.br\/es\/wp-json\/wp\/v2\/users\/10"}],"replies":[{"embeddable":true,"href":"https:\/\/tora.com.br\/es\/wp-json\/wp\/v2\/comments?post=136"}],"version-history":[{"count":51,"href":"https:\/\/tora.com.br\/es\/wp-json\/wp\/v2\/pages\/136\/revisions"}],"predecessor-version":[{"id":1628,"href":"https:\/\/tora.com.br\/es\/wp-json\/wp\/v2\/pages\/136\/revisions\/1628"}],"up":[{"embeddable":true,"href":"https:\/\/tora.com.br\/es\/wp-json\/wp\/v2\/pages\/8"}],"wp:attachment":[{"href":"https:\/\/tora.com.br\/es\/wp-json\/wp\/v2\/media?parent=136"}],"curies":[{"name":"wp","href":"https:\/\/api.w.org\/{rel}","templated":true}]}}