{"id":135,"date":"2018-11-05T03:51:37","date_gmt":"2018-11-05T05:51:37","guid":{"rendered":"http:\/\/tora.com.br\/?page_id=135"},"modified":"2020-08-26T19:56:20","modified_gmt":"2020-08-26T22:56:20","slug":"terminais_multimodais","status":"publish","type":"page","link":"https:\/\/tora.com.br\/es\/negocios\/terminais_multimodais\/","title":{"rendered":"Terminales de integr\u00e1cion intermodal"},"content":{"rendered":"<p><\/p>\n<h3><strong>Integraci\u00f3n Carretera\/Ferrocarril<\/strong><\/h3>\n<div class=\"page\" title=\"Page 15\">\n<div class=\"section\">\n<div class=\"layoutArea\">\n<div class=\"column\">\n<p>La preocupaci\u00f3n de ofrecerle al mercado soluciones cada vez m\u00e1s eficaces y seguras impuls\u00f3 a TORA a desarrollar un eficiente sistema de log\u00edstica, que fija como prioridad la integraci\u00f3n carretera\/ferrocarril. Herramientas inteligentes e innovadoras facilitan el traslado, almacenamiento y transporte de cargas en todo Brasil, por medio de un sistema multimodal.<\/p>\n<p>Las terminales de TORA permiten integrar carreteras y v\u00edas f\u00e9rreas. La elevada capacidad de operaci\u00f3n, que incluye el uso simult\u00e1neo de dos trochas, favorece las operaciones de trasbordo ferroviario y permite una gran agilidad tanto en la consolidaci\u00f3n como en la distribuci\u00f3n de cargas y en la atenci\u00f3n de las operaciones portuarias.<\/p>\n<p>Este modelo permite que TORA ofrezca a sus clientes una operaci\u00f3n \u00e1gil, competitiva, con alto nivel de asertividad y distinguida en el mercado.<\/p>\n<p><span style=\"color: #ffffff;\">.<\/span><\/p>\n<p><strong>Ventajas de la operaci\u00f3n multimodal<\/strong><\/p>\n<ul>\n<li>Gesti\u00f3n centralizada del proceso multimodal.<\/li>\n<li>Posibilidad de que las cargas ya salgan liberadas para exportaci\u00f3n \u2013 REDEX.<\/li>\n<li>Reducci\u00f3n del costo con relaci\u00f3n al modal por carretera.<\/li>\n<li>Disminuci\u00f3n de la tasa de emisi\u00f3n de CO<sup>2<\/sup>.<\/li>\n<li>Mayor previsibilidad (menor impacto de huelgas y paralizaciones en carreteras).<\/li>\n<li>Reducci\u00f3n del costo del seguro.<\/li>\n<li>Agilidad en la distribuci\u00f3n de cargas.<\/li>\n<\/ul>\n<\/div>\n<\/div>\n<p>&nbsp;<\/p>\n<\/div>\n<\/div>\n<p><\/p>","protected":false},"excerpt":{"rendered":"<p>Integraci\u00f3n Carretera\/Ferrocarril La preocupaci\u00f3n de ofrecerle al mercado soluciones cada vez m\u00e1s eficaces y seguras impuls\u00f3 a TORA a desarrollar un eficiente sistema de log\u00edstica, que fija como prioridad la integraci\u00f3n carretera\/ferrocarril. Herramientas inteligentes e innovadoras facilitan el traslado, almacenamiento y transporte de cargas en todo Brasil, por medio de un sistema multimodal. Las terminales [&hellip;]<\/p>\n","protected":false},"author":1,"featured_media":0,"parent":8,"menu_order":0,"comment_status":"closed","ping_status":"closed","template":"negocios-filha.php","meta":{"om_disable_all_campaigns":false,"_monsterinsights_skip_tracking":false,"_monsterinsights_sitenote_active":false,"_monsterinsights_sitenote_note":"","_monsterinsights_sitenote_category":0,"footnotes":""},"class_list":["post-135","page","type-page","status-publish","hentry"],"aioseo_notices":[],"_links":{"self":[{"href":"https:\/\/tora.com.br\/es\/wp-json\/wp\/v2\/pages\/135","targetHints":{"allow":["GET"]}}],"collection":[{"href":"https:\/\/tora.com.br\/es\/wp-json\/wp\/v2\/pages"}],"about":[{"href":"https:\/\/tora.com.br\/es\/wp-json\/wp\/v2\/types\/page"}],"author":[{"embeddable":true,"href":"https:\/\/tora.com.br\/es\/wp-json\/wp\/v2\/users\/1"}],"replies":[{"embeddable":true,"href":"https:\/\/tora.com.br\/es\/wp-json\/wp\/v2\/comments?post=135"}],"version-history":[{"count":33,"href":"https:\/\/tora.com.br\/es\/wp-json\/wp\/v2\/pages\/135\/revisions"}],"predecessor-version":[{"id":1341,"href":"https:\/\/tora.com.br\/es\/wp-json\/wp\/v2\/pages\/135\/revisions\/1341"}],"up":[{"embeddable":true,"href":"https:\/\/tora.com.br\/es\/wp-json\/wp\/v2\/pages\/8"}],"wp:attachment":[{"href":"https:\/\/tora.com.br\/es\/wp-json\/wp\/v2\/media?parent=135"}],"curies":[{"name":"wp","href":"https:\/\/api.w.org\/{rel}","templated":true}]}}