{"id":133,"date":"2018-11-05T03:47:07","date_gmt":"2018-11-05T05:47:07","guid":{"rendered":"http:\/\/tora.com.br\/?page_id=133"},"modified":"2020-08-26T19:55:23","modified_gmt":"2020-08-26T22:55:23","slug":"transporte","status":"publish","type":"page","link":"https:\/\/tora.com.br\/es\/negocios\/transporte\/","title":{"rendered":"Transportes"},"content":{"rendered":"<p><\/p>\n<div class=\"page\" title=\"Page 13\">\n<div class=\"section\">\n<div class=\"layoutArea\">\n<div class=\"column\">\n<h2><span style=\"color: #808080;\">NACIONAL<\/span><\/h2>\n<p>TORA re\u00fane la experiencia y la capacitaci\u00f3n necesaria para el transporte de su carga. Act\u00faa en los rubros sider\u00fargico, petroqu\u00edmico, automovil\u00edstico, de miner\u00eda, cargas a granel y contenedores, en todo el territorio nacional.<\/p>\n<p>Las soluciones abarcan:<\/p>\n<ul>\n<li>Abastecimiento, flujo y transferencia entre plantas industriales.<\/li>\n<li>Distribuci\u00f3n para todo Brasil y Am\u00e9rica Latina.<\/li>\n<li>Operaciones Just-in-time.<\/li>\n<li>Operaciones de Cross-docking.<\/li>\n<li>Operaciones Milk Run.<\/li>\n<li>Transporte con DTA y MIC-DTA. Contamos con flota propia, renovada cada tres a\u00f1os, compuesta por veh\u00edculos dedicados para cada tipo de operaci\u00f3n, y flota agregada con m\u00e1s de 2.000 veh\u00edculos activos.<\/li>\n<\/ul>\n<h2><span style=\"color: #808080;\">INTERNACIONAL<\/span><\/h2>\n<p>Poseemos filiales estrat\u00e9gicamente ubicadas para trasladar su carga en el MERCOSUR, adem\u00e1s&nbsp; contamos con el centro de distribuci\u00f3n en frontera, situado en Uruguaiana\/RS, que facilita la gesti\u00f3n de los servicios y permite, en sus 40 mil m\u00b2 de \u00e1rea total, el traslado y almacenado de materiales.<\/p>\n<p>Contamos con:<\/p>\n<ul>\n<li>M\u00e1s de 300 veh\u00edculos permisionarios;<\/li>\n<li>Atenci\u00f3n por un equipo dedicado y especializado.<\/li>\n<\/ul>\n<p>Tel\u00e9fonos para contacto y direcciones:<\/p>\n<ul>\n<li><strong><span style=\"color: #339966;\">Argentina<\/span> | +54 11 4322-0223<\/strong><\/li>\n<\/ul>\n<p>Maip\u00fa, 725 | 1\u00ba Piso | Oficina 6 | C\u00f3digo Postal C1006ACI | Ciudad Aut\u00f3noma de Buenos Aires\/Argentina<\/p>\n<ul>\n<li><strong><span style=\"color: #339966;\">Argentina<\/span> | +54 (351) 497-8300 \/ 450-7755<\/strong><\/li>\n<\/ul>\n<p>Avenida General Manuel Savio, 5740 | Oficina 8 | Ferreyra | C\u00f3digo Postal: X5000 | C\u00f3rdoba\/Argentina<\/p>\n<ul>\n<li><strong><span style=\"color: #339966;\">Uruguay<\/span> | +598 0916-3716<\/strong><\/li>\n<\/ul>\n<p>Av. Ituzaing\u00f3, 1482 | 6\u00ba Piso | Oficina 601 | C\u00f3digo Postal: 11000 | Montevideo\/Uruguay<\/p>\n<ul>\n<li><strong><span style=\"color: #339966;\">Chile<\/span> | +56 34 242-1892<\/strong><\/li>\n<\/ul>\n<p>Calle Yerbas Buenas, 245 | Oficina 103 | C\u00f3digo Postal: 2100000 | Los Andes\/Chile<\/p>\n<p>&nbsp;<\/p>\n<p>&nbsp;<\/p>\n<p style=\"padding-left: 30px;\">\n<\/div>\n<\/div>\n<\/div>\n<\/div>\n<p><\/p>","protected":false},"excerpt":{"rendered":"<p>NACIONAL TORA re\u00fane la experiencia y la capacitaci\u00f3n necesaria para el transporte de su carga. Act\u00faa en los rubros sider\u00fargico, petroqu\u00edmico, automovil\u00edstico, de miner\u00eda, cargas a granel y contenedores, en todo el territorio nacional. Las soluciones abarcan: Abastecimiento, flujo y transferencia entre plantas industriales. Distribuci\u00f3n para todo Brasil y Am\u00e9rica Latina. Operaciones Just-in-time. Operaciones de [&hellip;]<\/p>\n","protected":false},"author":1,"featured_media":0,"parent":8,"menu_order":0,"comment_status":"closed","ping_status":"closed","template":"negocios-filha.php","meta":{"om_disable_all_campaigns":false,"_monsterinsights_skip_tracking":false,"_monsterinsights_sitenote_active":false,"_monsterinsights_sitenote_note":"","_monsterinsights_sitenote_category":0,"footnotes":""},"class_list":["post-133","page","type-page","status-publish","hentry"],"aioseo_notices":[],"_links":{"self":[{"href":"https:\/\/tora.com.br\/es\/wp-json\/wp\/v2\/pages\/133","targetHints":{"allow":["GET"]}}],"collection":[{"href":"https:\/\/tora.com.br\/es\/wp-json\/wp\/v2\/pages"}],"about":[{"href":"https:\/\/tora.com.br\/es\/wp-json\/wp\/v2\/types\/page"}],"author":[{"embeddable":true,"href":"https:\/\/tora.com.br\/es\/wp-json\/wp\/v2\/users\/1"}],"replies":[{"embeddable":true,"href":"https:\/\/tora.com.br\/es\/wp-json\/wp\/v2\/comments?post=133"}],"version-history":[{"count":36,"href":"https:\/\/tora.com.br\/es\/wp-json\/wp\/v2\/pages\/133\/revisions"}],"predecessor-version":[{"id":1339,"href":"https:\/\/tora.com.br\/es\/wp-json\/wp\/v2\/pages\/133\/revisions\/1339"}],"up":[{"embeddable":true,"href":"https:\/\/tora.com.br\/es\/wp-json\/wp\/v2\/pages\/8"}],"wp:attachment":[{"href":"https:\/\/tora.com.br\/es\/wp-json\/wp\/v2\/media?parent=133"}],"curies":[{"name":"wp","href":"https:\/\/api.w.org\/{rel}","templated":true}]}}