{"id":113,"date":"2018-11-05T03:13:27","date_gmt":"2018-11-05T05:13:27","guid":{"rendered":"http:\/\/tora.com.br\/?page_id=113"},"modified":"2020-08-26T19:41:10","modified_gmt":"2020-08-26T22:41:10","slug":"premios-e-certificados","status":"publish","type":"page","link":"https:\/\/tora.com.br\/es\/quem-somos\/premios-e-certificados\/","title":{"rendered":"Premios y Certificados"},"content":{"rendered":"<p><\/p>\n<div class=\"page\" title=\"Page 11\">\n<div class=\"section\">\n<div class=\"layoutArea\">\n<div class=\"column\">\n<h3>Premios<\/h3>\n<\/div>\n<\/div>\n<div class=\"layoutArea\">\n<div class=\"column\">\n<p>A lo largo de su trayectoria la empresa recibi\u00f3 diversos premios. Entre los conquistados este \u00faltimo a\u00f1o, se destacan:<\/p>\n<p><strong>MAYORES &amp; MEJORES DEL TRANSPORTE<\/strong><\/p>\n<ul>\n<li>3<sup>er<\/sup> lugar \u2013 Mejores del Transporte<\/li>\n<li>3<sup>er<\/sup> lugar \u2013 Las Mejores en Rentabilidad en Ingresos Netos<\/li>\n<li>4\u00ba lugar \u2013 Las Mejores en Patrimonio Neto<\/li>\n<li>9\u00ba lugar \u2013 Transporte de Carga por Carretera<\/li>\n<\/ul>\n<p><strong>MERCADO COM\u00daN<\/strong><\/p>\n<ul>\n<li>T\u00edtulo de EMPRESA EXCELENCIA DE MG del XVIII Premio Minas \u2013 Rendimiento Empresarial<\/li>\n<\/ul>\n<p><strong>FETCEMG<\/strong><\/p>\n<ul>\n<li>Plata del PREMIO MEJOR AIRE DE CALIDAD DEL AIRE.<\/li>\n<li>PREMIO PROYECTO SOCIOAMBIENTAL \u2013 con el plan del sistema de log\u00edstica reversa de deshechos de pastillas de freno.<\/li>\n<\/ul>\n<p><strong>CLIENTES<\/strong><\/p>\n<ul>\n<li>MEJOR PROVEEDOR DE AM\u00c9RICA LATINA \u2013 Categor\u00eda Supply Chain Management reconocido por FCA \u2013 FIAT CHRYSLER AUTOMOBILES.<\/li>\n<li>TRANSPORTADORA ORO por la performance destacada en la prestaci\u00f3n de servicios, con calidad y excelencia, en la atenci\u00f3n a BELGO BEKAERT ARAMES.<\/li>\n<li>MEJOR TRANSPORTADORA EN LAS ACCIONES DE SALUD Y SEGURIDAD \u2013 entregado por Vale.<\/li>\n<\/ul>\n<\/div>\n<\/div>\n<div class=\"layoutArea\">\n<div class=\"column\">\n<h3><\/h3>\n<h3><strong>Certificaciones<\/strong><\/h3>\n<p>Calidad , seguridad, responsabilidad social y ambiental son valores fundamentales que&nbsp; TORA mantiene a lo largo de su trayectoria. Estas directrices se reflejan en nuestros servicios y soluciones.<\/p>\n<p>Para ello tenemos un equipo de profesionales especializados que presentan acciones que garantizan una mejor\u00eda continua en el Sistema de Gesti\u00f3n de Calidad y en los procesos log\u00edsticos.<\/p>\n<p>Como reconocimiento de estos esfuerzos, obtuvimos la certificaci\u00f3n del sistema de calidad NBR ISO 9001:2015 referente al Transporte por Carretera y Almacenamiento de Carga Nacional e Internacional.<\/p>\n<p>Contamos con la certificaci\u00f3n SASSMAQ &#8211; Sistema de Evaluaci\u00f3n&nbsp; de Seguridad, Salud, Medio Ambiente y Calidad &#8211; relativa al Transporte por Carretera de Productos Qu\u00edmicos Peligrosos y No Peligrosos.<\/p>\n<p>Disponemos adem\u00e1s del Certificado de Referencia de la Central Propia de Monitoreo, reconocida por Tokio Marine Seguradora.<\/p>\n<\/div>\n<\/div>\n<\/div>\n<\/div>\n<p><\/p>","protected":false},"excerpt":{"rendered":"<p>Premios A lo largo de su trayectoria la empresa recibi\u00f3 diversos premios. Entre los conquistados este \u00faltimo a\u00f1o, se destacan: MAYORES &amp; MEJORES DEL TRANSPORTE 3er lugar \u2013 Mejores del Transporte 3er lugar \u2013 Las Mejores en Rentabilidad en Ingresos Netos 4\u00ba lugar \u2013 Las Mejores en Patrimonio Neto 9\u00ba lugar \u2013 Transporte de Carga [&hellip;]<\/p>\n","protected":false},"author":1,"featured_media":0,"parent":7,"menu_order":0,"comment_status":"closed","ping_status":"closed","template":"quemsomos.php","meta":{"om_disable_all_campaigns":false,"_monsterinsights_skip_tracking":false,"_monsterinsights_sitenote_active":false,"_monsterinsights_sitenote_note":"","_monsterinsights_sitenote_category":0,"footnotes":""},"class_list":["post-113","page","type-page","status-publish","hentry"],"aioseo_notices":[],"_links":{"self":[{"href":"https:\/\/tora.com.br\/es\/wp-json\/wp\/v2\/pages\/113","targetHints":{"allow":["GET"]}}],"collection":[{"href":"https:\/\/tora.com.br\/es\/wp-json\/wp\/v2\/pages"}],"about":[{"href":"https:\/\/tora.com.br\/es\/wp-json\/wp\/v2\/types\/page"}],"author":[{"embeddable":true,"href":"https:\/\/tora.com.br\/es\/wp-json\/wp\/v2\/users\/1"}],"replies":[{"embeddable":true,"href":"https:\/\/tora.com.br\/es\/wp-json\/wp\/v2\/comments?post=113"}],"version-history":[{"count":17,"href":"https:\/\/tora.com.br\/es\/wp-json\/wp\/v2\/pages\/113\/revisions"}],"predecessor-version":[{"id":1315,"href":"https:\/\/tora.com.br\/es\/wp-json\/wp\/v2\/pages\/113\/revisions\/1315"}],"up":[{"embeddable":true,"href":"https:\/\/tora.com.br\/es\/wp-json\/wp\/v2\/pages\/7"}],"wp:attachment":[{"href":"https:\/\/tora.com.br\/es\/wp-json\/wp\/v2\/media?parent=113"}],"curies":[{"name":"wp","href":"https:\/\/api.w.org\/{rel}","templated":true}]}}