{"id":112,"date":"2018-11-05T03:12:11","date_gmt":"2018-11-05T05:12:11","guid":{"rendered":"http:\/\/tora.com.br\/?page_id=112"},"modified":"2020-08-26T19:42:29","modified_gmt":"2020-08-26T22:42:29","slug":"responsabilidade-social","status":"publish","type":"page","link":"https:\/\/tora.com.br\/es\/quem-somos\/responsabilidade-social\/","title":{"rendered":"Responsabilidad Social"},"content":{"rendered":"<p><\/p>\n<div class=\"page\" title=\"Page 10\">\n<div class=\"section\">\n<div class=\"layoutArea\">\n<div class=\"column\">\n<p>Invertimos constantemente en las relaciones con las comunidades a las que pertenecemos, por medio del desarrollo de programas sociales, estrechando los v\u00ednculos de colaboraci\u00f3n. Adem\u00e1s, actuamos en salvaguarda de las pol\u00edticas y pr\u00e1cticas contra el uso de mano de obra y explotaci\u00f3n sexual infantil.<\/p>\n<p><strong>Programa \u00abna Ma\u0303o Certa\u00bb [En la Mano Correcta]<\/strong><\/p>\n<p>El Programa \u00abna Ma\u0303o Certa\u00bb tiene como principal objetivo promover una amplia uni\u00f3n de esfuerzos para combatir la explotaci\u00f3n sexual de ni\u00f1os y adolescentes en las&nbsp; carreteras brasile\u00f1as. La principal estrategia adoptada por las empresas es sensibilizar a los conductores de cami\u00f3n, para que act\u00faen como agentes de protecci\u00f3n de los derechos de ni\u00f1os y adolescentes.<\/p>\n<\/div>\n<p><img loading=\"lazy\" decoding=\"async\" class=\"alignnone size-full wp-image-585\" src=\"https:\/\/tora.com.br\/wp-content\/uploads\/2019\/03\/modal-transportadora-hor.jpg\" alt=\"\" width=\"447\" height=\"58\" srcset=\"https:\/\/tora.com.br\/wp-content\/uploads\/2019\/03\/modal-transportadora-hor.jpg 447w, https:\/\/tora.com.br\/wp-content\/uploads\/2019\/03\/modal-transportadora-hor-300x39.jpg 300w\" sizes=\"auto, (max-width: 447px) 100vw, 447px\" \/><\/p>\n<div class=\"column\">\n<h3>Menor Aprendiz<\/h3>\n<p>La empresa posee acuerdos de colaboraci\u00f3n con varias asociaciones para contratar a menores aprendices, que tienen la oportunidad de iniciar una carrera profesional sin abandonar los estudios. Monitoreado por el gobierno, el programa tambi\u00e9n ofrece entrenamientos semanales realizados en las mismas asociaciones.<\/p>\n<p><strong>SEGURIDAD Y SALUD<\/strong><\/p>\n<p>Trabajar con seguridad y contribuir para el desarrollo de las personas y de la sociedad son valores de Tora. La empresa invierte continuamente en pr\u00e1cticas diferentes de fomento de la salud y prevenci\u00f3n de accidentes y de desarrollo de su equipo.<\/p>\n<ul>\n<li>Programas de Incentivo enfocado al uso de EPI y cumplimiento de los procedimientos de seguridad;<\/li>\n<li>Entrenamientos T\u00e9cnicos y de Comportamiento.<\/li>\n<li>Di\u00e1logos Estructurados de Seguridad.<\/li>\n<li>Campa\u00f1as de Comunicaci\u00f3n Interna.<\/li>\n<li>Programa de Nutrici\u00f3n.<\/li>\n<li>Programa de Prevenci\u00f3n al Uso de Alcohol y Drogas.<\/li>\n<li>Programa Educar \u2013 apoyo a la educaci\u00f3n continuada.<\/li>\n<li>Programas de Desarrollo de Liderazgo, entre otros.<\/li>\n<\/ul>\n<\/div>\n<\/div>\n<\/div>\n<\/div>\n<p><\/p>","protected":false},"excerpt":{"rendered":"<p>Invertimos constantemente en las relaciones con las comunidades a las que pertenecemos, por medio del desarrollo de programas sociales, estrechando los v\u00ednculos de colaboraci\u00f3n. Adem\u00e1s, actuamos en salvaguarda de las pol\u00edticas y pr\u00e1cticas contra el uso de mano de obra y explotaci\u00f3n sexual infantil. Programa \u00abna Ma\u0303o Certa\u00bb [En la Mano Correcta] El Programa \u00abna [&hellip;]<\/p>\n","protected":false},"author":1,"featured_media":0,"parent":7,"menu_order":0,"comment_status":"closed","ping_status":"closed","template":"quemsomos.php","meta":{"om_disable_all_campaigns":false,"_monsterinsights_skip_tracking":false,"_monsterinsights_sitenote_active":false,"_monsterinsights_sitenote_note":"","_monsterinsights_sitenote_category":0,"footnotes":""},"class_list":["post-112","page","type-page","status-publish","hentry"],"aioseo_notices":[],"_links":{"self":[{"href":"https:\/\/tora.com.br\/es\/wp-json\/wp\/v2\/pages\/112","targetHints":{"allow":["GET"]}}],"collection":[{"href":"https:\/\/tora.com.br\/es\/wp-json\/wp\/v2\/pages"}],"about":[{"href":"https:\/\/tora.com.br\/es\/wp-json\/wp\/v2\/types\/page"}],"author":[{"embeddable":true,"href":"https:\/\/tora.com.br\/es\/wp-json\/wp\/v2\/users\/1"}],"replies":[{"embeddable":true,"href":"https:\/\/tora.com.br\/es\/wp-json\/wp\/v2\/comments?post=112"}],"version-history":[{"count":6,"href":"https:\/\/tora.com.br\/es\/wp-json\/wp\/v2\/pages\/112\/revisions"}],"predecessor-version":[{"id":1319,"href":"https:\/\/tora.com.br\/es\/wp-json\/wp\/v2\/pages\/112\/revisions\/1319"}],"up":[{"embeddable":true,"href":"https:\/\/tora.com.br\/es\/wp-json\/wp\/v2\/pages\/7"}],"wp:attachment":[{"href":"https:\/\/tora.com.br\/es\/wp-json\/wp\/v2\/media?parent=112"}],"curies":[{"name":"wp","href":"https:\/\/api.w.org\/{rel}","templated":true}]}}