{"id":111,"date":"2018-11-05T03:11:18","date_gmt":"2018-11-05T05:11:18","guid":{"rendered":"http:\/\/tora.com.br\/?page_id=111"},"modified":"2020-08-26T19:51:19","modified_gmt":"2020-08-26T22:51:19","slug":"sustentabilidade","status":"publish","type":"page","link":"https:\/\/tora.com.br\/es\/quem-somos\/sustentabilidade\/","title":{"rendered":"Sostentabilidad"},"content":{"rendered":"<p><\/p>\n<div class=\"page\" title=\"Page 9\">\n<div class=\"section\">\n<div class=\"layoutArea\">\n<div class=\"column\">\n<p>Tora asume el compromiso de mejor\u00eda continua de sus procesos, reduciendo la utilizaci\u00f3n de recursos naturales y preservando el medio ambiente. Para garantizar la aplicaci\u00f3n de su Pol\u00edtica de Medio Ambiente, la empresa desarrolla diversos proyectos en el \u00e1rea.<\/p>\n<p>Entre las acciones desarrolladas por Tora, se destacan:<\/p>\n<ul>\n<li>Descarte correcto de aceites lubricantes.<\/li>\n<li>Destinaci\u00f3n correcta de neum\u00e1ticos y productos nocivos al medio ambiente.<\/li>\n<li>Participaci\u00f3n en el Programa \u00abDespoluir\u00bb [Descontaminar] con la medici\u00f3n del 100% da su flota propia;<\/li>\n<li>Colaboraci\u00f3n con empresas especializadas para atenci\u00f3n de emergencia, cumpliendo las normas de Seguridad y Medio Ambiente.<\/li>\n<li>Inversi\u00f3n en tecnolog\u00edas modernas que reducen la emisi\u00f3n de contaminantes.<\/li>\n<\/ul>\n<\/div>\n<\/div>\n<\/div>\n<\/div>\n<p><\/p>\n\n\n<p><\/p>","protected":false},"excerpt":{"rendered":"<p>Tora asume el compromiso de mejor\u00eda continua de sus procesos, reduciendo la utilizaci\u00f3n de recursos naturales y preservando el medio ambiente. Para garantizar la aplicaci\u00f3n de su Pol\u00edtica de Medio Ambiente, la empresa desarrolla diversos proyectos en el \u00e1rea. Entre las acciones desarrolladas por Tora, se destacan: Descarte correcto de aceites lubricantes. Destinaci\u00f3n correcta de [&hellip;]<\/p>\n","protected":false},"author":1,"featured_media":0,"parent":7,"menu_order":0,"comment_status":"closed","ping_status":"closed","template":"quemsomos.php","meta":{"om_disable_all_campaigns":false,"_monsterinsights_skip_tracking":false,"_monsterinsights_sitenote_active":false,"_monsterinsights_sitenote_note":"","_monsterinsights_sitenote_category":0,"footnotes":""},"class_list":["post-111","page","type-page","status-publish","hentry"],"aioseo_notices":[],"_links":{"self":[{"href":"https:\/\/tora.com.br\/es\/wp-json\/wp\/v2\/pages\/111","targetHints":{"allow":["GET"]}}],"collection":[{"href":"https:\/\/tora.com.br\/es\/wp-json\/wp\/v2\/pages"}],"about":[{"href":"https:\/\/tora.com.br\/es\/wp-json\/wp\/v2\/types\/page"}],"author":[{"embeddable":true,"href":"https:\/\/tora.com.br\/es\/wp-json\/wp\/v2\/users\/1"}],"replies":[{"embeddable":true,"href":"https:\/\/tora.com.br\/es\/wp-json\/wp\/v2\/comments?post=111"}],"version-history":[{"count":13,"href":"https:\/\/tora.com.br\/es\/wp-json\/wp\/v2\/pages\/111\/revisions"}],"predecessor-version":[{"id":1333,"href":"https:\/\/tora.com.br\/es\/wp-json\/wp\/v2\/pages\/111\/revisions\/1333"}],"up":[{"embeddable":true,"href":"https:\/\/tora.com.br\/es\/wp-json\/wp\/v2\/pages\/7"}],"wp:attachment":[{"href":"https:\/\/tora.com.br\/es\/wp-json\/wp\/v2\/media?parent=111"}],"curies":[{"name":"wp","href":"https:\/\/api.w.org\/{rel}","templated":true}]}}