{"id":110,"date":"2018-11-05T03:10:12","date_gmt":"2018-11-05T05:10:12","guid":{"rendered":"http:\/\/tora.com.br\/?page_id=110"},"modified":"2022-09-28T10:47:51","modified_gmt":"2022-09-28T13:47:51","slug":"estrutura-de-frota","status":"publish","type":"page","link":"https:\/\/tora.com.br\/es\/estrutura-operacional\/estrutura-de-frota\/","title":{"rendered":"Estructura de Flota"},"content":{"rendered":"<p><\/p>\n<div class=\"page\" title=\"Page 8\">\n<div class=\"section\">\n<div class=\"layoutArea\">\n<div class=\"column\">\n<p>TORA opera con los m\u00e1s diversos veh\u00edculos y atiende las necesidades de cada cliente. Nuestro equipo de gesti\u00f3n de flota, aliado a una eficiente coordinaci\u00f3n operativa, es fundamental para brindar agilidad y seguridad en todas nuestras soluciones de log\u00edstica.<\/p>\n<div class=\"page\" title=\"Page 8\">\n<div class=\"section\">\n<div class=\"layoutArea\">\n<div class=\"column\"><\/div>\n<\/div>\n<\/div>\n<\/div>\n<h3>Nuestros n\u00fameros<\/h3>\n<div class=\"page\" title=\"Page 8\">\n<div class=\"section\">\n<div class=\"layoutArea\">\n<div class=\"column\">\n<p><strong><span style=\"color: #339966;\">600<\/span><\/strong> Cabezas Tractoras<\/p>\n<p><span style=\"color: #339966;\"><strong>2600<\/strong> <\/span>Semirremolques, destacando: Carga Seca, Siders, Transporte de Bobinas, Volquetes, Rebajados, Carga en Contenedores, Veh\u00edculos preparados a Medida (cables, carrocer\u00eda de veh\u00edculos)<\/p>\n<p><span style=\"color: #339966;\"><strong>50<\/strong><\/span> Apiladoras<\/p>\n<p><span style=\"color: #339966;\"><strong>9<\/strong><\/span> Carretillas de Alcance Reach Stackers<\/p>\n<p><span style=\"color: #339966;\"><strong>22<\/strong><\/span> Puentes Gr\u00faa\/P\u00f3rticos<\/p>\n<p><span style=\"color: #339966;\"><strong>5<\/strong><\/span> Palas Cargadoras<\/p>\n<p><strong><span style=\"color: #339966;\">7<\/span><\/strong> Equipos de Terraplenado<\/p>\n<p><strong><span style=\"color: #339966;\">3<\/span><\/strong> Tractores para Vagones<\/p>\n<p><strong><span style=\"color: #339966;\">1<\/span><\/strong> Locomotora de Maniobra<\/p>\n<\/div>\n<\/div>\n<\/div>\n<\/div>\n<\/div>\n<\/div>\n<\/div>\n<\/div>\n<p><\/p>","protected":false},"excerpt":{"rendered":"<p>TORA opera con los m\u00e1s diversos veh\u00edculos y atiende las necesidades de cada cliente. Nuestro equipo de gesti\u00f3n de flota, aliado a una eficiente coordinaci\u00f3n operativa, es fundamental para brindar agilidad y seguridad en todas nuestras soluciones de log\u00edstica. Nuestros n\u00fameros 600 Cabezas Tractoras 2600 Semirremolques, destacando: Carga Seca, Siders, Transporte de Bobinas, Volquetes, Rebajados, [&hellip;]<\/p>\n","protected":false},"author":10,"featured_media":0,"parent":106,"menu_order":0,"comment_status":"closed","ping_status":"closed","template":"estrutura-filho.php","meta":{"om_disable_all_campaigns":false,"_monsterinsights_skip_tracking":false,"_monsterinsights_sitenote_active":false,"_monsterinsights_sitenote_note":"","_monsterinsights_sitenote_category":0,"footnotes":""},"class_list":["post-110","page","type-page","status-publish","hentry"],"aioseo_notices":[],"_links":{"self":[{"href":"https:\/\/tora.com.br\/es\/wp-json\/wp\/v2\/pages\/110","targetHints":{"allow":["GET"]}}],"collection":[{"href":"https:\/\/tora.com.br\/es\/wp-json\/wp\/v2\/pages"}],"about":[{"href":"https:\/\/tora.com.br\/es\/wp-json\/wp\/v2\/types\/page"}],"author":[{"embeddable":true,"href":"https:\/\/tora.com.br\/es\/wp-json\/wp\/v2\/users\/10"}],"replies":[{"embeddable":true,"href":"https:\/\/tora.com.br\/es\/wp-json\/wp\/v2\/comments?post=110"}],"version-history":[{"count":17,"href":"https:\/\/tora.com.br\/es\/wp-json\/wp\/v2\/pages\/110\/revisions"}],"predecessor-version":[{"id":1627,"href":"https:\/\/tora.com.br\/es\/wp-json\/wp\/v2\/pages\/110\/revisions\/1627"}],"up":[{"embeddable":true,"href":"https:\/\/tora.com.br\/es\/wp-json\/wp\/v2\/pages\/106"}],"wp:attachment":[{"href":"https:\/\/tora.com.br\/es\/wp-json\/wp\/v2\/media?parent=110"}],"curies":[{"name":"wp","href":"https:\/\/api.w.org\/{rel}","templated":true}]}}