{"id":109,"date":"2018-11-05T03:08:24","date_gmt":"2018-11-05T05:08:24","guid":{"rendered":"http:\/\/tora.com.br\/?page_id=109"},"modified":"2020-08-26T19:52:36","modified_gmt":"2020-08-26T22:52:36","slug":"intelige%cc%82ncia-em-gesta%cc%83o-de-frota","status":"publish","type":"page","link":"https:\/\/tora.com.br\/es\/estrutura-operacional\/intelige%cc%82ncia-em-gesta%cc%83o-de-frota\/","title":{"rendered":"Inteligencia en Gesti\u00f3n de Flota"},"content":{"rendered":"<p><\/p>\n<div class=\"page\" title=\"Page 7\">\n<div class=\"section\">\n<div class=\"layoutArea\">\n<div class=\"column\">\n<p>Para tener m\u00e1xima seguridad y calidad en sus servicios, TORA dispone de modernos recursos tecnol\u00f3gicos de monitoreo.<\/p>\n<p>Nuestra flota est\u00e1 equipada con un sistema de rastreo basado en tecnolog\u00edas de transmisi\u00f3n de datos v\u00eda sat\u00e9lite y GSM\/GPRS.<\/p>\n<p>Posee una central de rastreo que funciona las 24 horas del d\u00eda, 7 d\u00edas por semana, que permite el seguimiento instant\u00e1neo de las cargas.<\/p>\n<p>La Central est\u00e1 interconectada a gestores de riesgos, propios y tercerizados, que garantizan la comunicaci\u00f3n con el conductor en tiempo integral. Mucha m\u00e1s seguridad, agilidad, previsibilidad y confiabilidad.<\/p>\n<\/div>\n<\/div>\n<\/div>\n<\/div>\n<p><\/p>","protected":false},"excerpt":{"rendered":"<p>Para tener m\u00e1xima seguridad y calidad en sus servicios, TORA dispone de modernos recursos tecnol\u00f3gicos de monitoreo. Nuestra flota est\u00e1 equipada con un sistema de rastreo basado en tecnolog\u00edas de transmisi\u00f3n de datos v\u00eda sat\u00e9lite y GSM\/GPRS. Posee una central de rastreo que funciona las 24 horas del d\u00eda, 7 d\u00edas por semana, que permite [&hellip;]<\/p>\n","protected":false},"author":1,"featured_media":0,"parent":106,"menu_order":0,"comment_status":"closed","ping_status":"closed","template":"estrutura-filho.php","meta":{"om_disable_all_campaigns":false,"_monsterinsights_skip_tracking":false,"_monsterinsights_sitenote_active":false,"_monsterinsights_sitenote_note":"","_monsterinsights_sitenote_category":0,"footnotes":""},"class_list":["post-109","page","type-page","status-publish","hentry"],"aioseo_notices":[],"_links":{"self":[{"href":"https:\/\/tora.com.br\/es\/wp-json\/wp\/v2\/pages\/109","targetHints":{"allow":["GET"]}}],"collection":[{"href":"https:\/\/tora.com.br\/es\/wp-json\/wp\/v2\/pages"}],"about":[{"href":"https:\/\/tora.com.br\/es\/wp-json\/wp\/v2\/types\/page"}],"author":[{"embeddable":true,"href":"https:\/\/tora.com.br\/es\/wp-json\/wp\/v2\/users\/1"}],"replies":[{"embeddable":true,"href":"https:\/\/tora.com.br\/es\/wp-json\/wp\/v2\/comments?post=109"}],"version-history":[{"count":8,"href":"https:\/\/tora.com.br\/es\/wp-json\/wp\/v2\/pages\/109\/revisions"}],"predecessor-version":[{"id":1335,"href":"https:\/\/tora.com.br\/es\/wp-json\/wp\/v2\/pages\/109\/revisions\/1335"}],"up":[{"embeddable":true,"href":"https:\/\/tora.com.br\/es\/wp-json\/wp\/v2\/pages\/106"}],"wp:attachment":[{"href":"https:\/\/tora.com.br\/es\/wp-json\/wp\/v2\/media?parent=109"}],"curies":[{"name":"wp","href":"https:\/\/api.w.org\/{rel}","templated":true}]}}